{"id":1494,"date":"2026-01-13T06:56:42","date_gmt":"2026-01-13T06:56:42","guid":{"rendered":"https:\/\/awakeinfotech.info\/ubertravaux\/?page_id=1494"},"modified":"2026-04-01T12:44:08","modified_gmt":"2026-04-01T12:44:08","slug":"rejoignez-en-tant-que-professionnel","status":"publish","type":"page","link":"https:\/\/awakeinfotech.info\/ubertravaux\/fr\/rejoignez-en-tant-que-professionnel\/","title":{"rendered":"Rejoignez en tant que professionnel"},"content":{"rendered":"\t\t<div data-elementor-type=\"wp-page\" data-elementor-id=\"1494\" class=\"elementor elementor-1494\">\n\t\t\t\t<div class=\"elementor-element elementor-element-f0f4968 animated-slow e-flex e-con-boxed elementor-invisible e-con e-parent\" data-id=\"f0f4968\" data-element_type=\"container\" data-e-type=\"container\" data-settings=\"{&quot;background_background&quot;:&quot;classic&quot;,&quot;animation&quot;:&quot;fadeIn&quot;}\">\n\t\t\t\t\t<div class=\"e-con-inner\">\n\t\t\t\t<div class=\"elementor-element elementor-element-406f19b elementor-icon-list--layout-inline elementor-mobile-align-center elementor-list-item-link-full_width elementor-widget elementor-widget-icon-list\" data-id=\"406f19b\" data-element_type=\"widget\" data-e-type=\"widget\" data-widget_type=\"icon-list.default\">\n\t\t\t\t\t\t\t<ul class=\"elementor-icon-list-items elementor-inline-items\">\n\t\t\t\t\t\t\t<li class=\"elementor-icon-list-item elementor-inline-item\">\n\t\t\t\t\t\t\t\t\t\t\t<a href=\"#\">\n\n\t\t\t\t\t\t\t\t\t\t\t<span class=\"elementor-icon-list-text\">Home<\/span>\n\t\t\t\t\t\t\t\t\t\t\t<\/a>\n\t\t\t\t\t\t\t\t\t<\/li>\n\t\t\t\t\t\t\t\t<li class=\"elementor-icon-list-item elementor-inline-item\">\n\t\t\t\t\t\t\t\t\t\t<span class=\"elementor-icon-list-text\">Rejoindre en tant que professionnel<\/span>\n\t\t\t\t\t\t\t\t\t<\/li>\n\t\t\t\t\t\t<\/ul>\n\t\t\t\t\t\t<\/div>\n\t\t\t\t<div class=\"elementor-element elementor-element-2f445b3 elementor-widget elementor-widget-heading\" data-id=\"2f445b3\" data-element_type=\"widget\" data-e-type=\"widget\" data-widget_type=\"heading.default\">\n\t\t\t\t\t<h1 class=\"elementor-heading-title elementor-size-default\">Rejoindre en tant que professionnel<\/h1>\t\t\t\t<\/div>\n\t\t\t\t\t<\/div>\n\t\t\t\t<\/div>\n\t\t<div class=\"elementor-element elementor-element-db2d26a e-con-full e-flex e-con e-parent\" data-id=\"db2d26a\" data-element_type=\"container\" data-e-type=\"container\">\n\t\t<div class=\"elementor-element elementor-element-f6fdde7 e-flex e-con-boxed e-con e-child\" data-id=\"f6fdde7\" data-element_type=\"container\" data-e-type=\"container\">\n\t\t\t\t\t<div class=\"e-con-inner\">\n\t\t\t\t<div class=\"elementor-element elementor-element-a4fe569 elementor-widget elementor-widget-heading\" data-id=\"a4fe569\" data-element_type=\"widget\" data-e-type=\"widget\" data-widget_type=\"heading.default\">\n\t\t\t\t\t<h2 class=\"elementor-heading-title elementor-size-default\">Rejoindre en tant que professionnel<\/h2>\t\t\t\t<\/div>\n\t\t\t\t<div class=\"elementor-element elementor-element-eb052ee elementor-widget elementor-widget-shortcode\" data-id=\"eb052ee\" data-element_type=\"widget\" data-e-type=\"widget\" data-widget_type=\"shortcode.default\">\n\t\t\t\t\t\t\t<div class=\"elementor-shortcode\"><div class=\"forminator-ui forminator-custom-form forminator-custom-form-2034 forminator-design--default  forminator_ajax\" data-forminator-render=\"0\" data-form=\"forminator-module-2034\" data-uid=\"69f39f2c85796\"><br\/><\/div><form\n\t\t\t\tid=\"forminator-module-2034\"\n\t\t\t\tclass=\"forminator-ui forminator-custom-form forminator-custom-form-2034 forminator-design--default  forminator_ajax\"\n\t\t\t\tmethod=\"post\"\n\t\t\t\tdata-forminator-render=\"0\"\n\t\t\t\tdata-form-id=\"2034\"\n\t\t\t\tenctype=\"multipart\/form-data\" data-color-option=\"theme\" data-design=\"default\" data-grid=\"open\" style=\"display: none;\"\n\t\t\t\tdata-uid=\"69f39f2c85796\"\n\t\t\t><div role=\"alert\" aria-live=\"polite\" class=\"forminator-response-message forminator-error\" aria-hidden=\"true\"><\/div><div class=\"forminator-row\"><div id=\"name-1\" class=\"forminator-field-name forminator-col forminator-col-12 \"><div class=\"forminator-field\"><label for=\"forminator-field-name-1_69f39f2c85796\" id=\"forminator-field-name-1_69f39f2c85796-label\" class=\"forminator-label\">Nom complet <span class=\"forminator-required\">*<\/span><\/label><input type=\"text\" name=\"name-1\" value=\"\" placeholder=\"\" id=\"forminator-field-name-1_69f39f2c85796\" class=\"forminator-input forminator-name--field\" aria-required=\"true\" autocomplete=\"name\" \/><\/div><\/div><\/div><div class=\"forminator-row\"><div id=\"text-1\" class=\"forminator-field-text forminator-col forminator-col-12 \"><div class=\"forminator-field\"><label for=\"forminator-field-text-1_69f39f2c85796\" id=\"forminator-field-text-1_69f39f2c85796-label\" class=\"forminator-label\">Nom de l\u2019entreprise <span class=\"forminator-required\">*<\/span><\/label><input type=\"text\" name=\"text-1\" value=\"\" placeholder=\"\" id=\"forminator-field-text-1_69f39f2c85796\" class=\"forminator-input forminator-name--field\" data-required=\"1\" \/><\/div><\/div><\/div><div class=\"forminator-row\"><div id=\"email-1\" class=\"forminator-field-email forminator-col forminator-col-12 \"><div class=\"forminator-field\"><label for=\"forminator-field-email-1_69f39f2c85796\" id=\"forminator-field-email-1_69f39f2c85796-label\" class=\"forminator-label\">Adresse e-mail <span class=\"forminator-required\">*<\/span><\/label><input type=\"email\" name=\"email-1\" value=\"\" placeholder=\"\" id=\"forminator-field-email-1_69f39f2c85796\" class=\"forminator-input forminator-email--field\" data-required=\"1\" aria-required=\"true\" autocomplete=\"email\" \/><\/div><\/div><\/div><div class=\"forminator-row\"><div id=\"phone-1\" class=\"forminator-field-phone forminator-col forminator-col-12 \"><div class=\"forminator-field\"><label for=\"forminator-field-phone-1_69f39f2c85796\" id=\"forminator-field-phone-1_69f39f2c85796-label\" class=\"forminator-label\">Num\u00e9ro portable <span class=\"forminator-required\">*<\/span><\/label><input type=\"text\" name=\"phone-1\" value=\"\" placeholder=\"\" id=\"forminator-field-phone-1_69f39f2c85796\" class=\"forminator-input forminator-field--phone\" data-required=\"1\" aria-required=\"true\" autocomplete=\"off\" \/><\/div><\/div><\/div><div class=\"forminator-row\"><div id=\"text-2\" class=\"forminator-field-text forminator-col forminator-col-12 \"><div class=\"forminator-field\"><label for=\"forminator-field-text-2_69f39f2c85796\" id=\"forminator-field-text-2_69f39f2c85796-label\" class=\"forminator-label\">Ville \/ Zone de service <span class=\"forminator-required\">*<\/span><\/label><input type=\"text\" name=\"text-2\" value=\"\" placeholder=\"e.g. Montpellier\" id=\"forminator-field-text-2_69f39f2c85796\" class=\"forminator-input forminator-name--field\" data-required=\"1\" \/><\/div><\/div><\/div><div class=\"forminator-row\"><div id=\"section-1\" class=\"forminator-field-section forminator-col forminator-col-12 \"><div class=\"forminator-field\"><h2 class=\"forminator-title\">D\u00e9tails professionnels<\/h2><hr class=\"forminator-border\" style=\"border: 2px solid #fd850b;\" \/><\/div><\/div><\/div><div class=\"forminator-row\"><div id=\"select-1\" class=\"forminator-field-select forminator-col forminator-col-12 \"><div class=\"forminator-field\"><label for=\"forminator-form-2034__field--select-1_69f39f2c85796\" id=\"forminator-form-2034__field--select-1_69f39f2c85796-label\" class=\"forminator-label\">Activit\u00e9 principale \/ Service <span class=\"forminator-required\">*<\/span><\/label><select  id=\"forminator-form-2034__field--select-1_69f39f2c85796\" class=\"forminator-select--field forminator-select2 forminator-select2-multiple\" data-required=\"1\" name=\"select-1\" data-default-value=\"\" data-hidden-behavior=\"zero\" data-placeholder=\"S\u00e9lectionnez le service dont vous avez besoin\" data-search=\"false\" data-search-placeholder=\"S\u00e9lectionnez le service dont vous avez besoin\" data-checkbox=\"false\" data-allow-clear=\"false\" aria-labelledby=\"forminator-form-2034__field--select-1_69f39f2c85796-label\"><option value=\"\"  >S\u00e9lectionnez le service dont vous avez besoin<\/option><option value=\"one\"  data-calculation=\"0\">\u00c9lectricit\u00e9<\/option><option value=\"Plomberie\"  data-calculation=\"0\">Plomberie<\/option><option value=\"Climatisation\"  data-calculation=\"0\">Climatisation<\/option><option value=\"Carrelage\"  data-calculation=\"0\">Carrelage<\/option><option value=\"Peinture\"  data-calculation=\"0\">Peinture<\/option><option value=\"Serrurerie\"  data-calculation=\"0\">Serrurerie<\/option><option value=\"Livraison\"  data-calculation=\"0\">Livraison<\/option><option value=\"Ma\u00e7onnerie-&amp;-Terrassement\"  data-calculation=\"0\">Ma\u00e7onnerie &amp; Terrassement<\/option><\/select><\/div><\/div><\/div><div class=\"forminator-row\"><div id=\"select-2\" class=\"forminator-field-select forminator-col forminator-col-12 \"><div class=\"forminator-field\"><label for=\"forminator-form-2034__field--select-2_69f39f2c85796\" id=\"forminator-form-2034__field--select-2_69f39f2c85796-label\" class=\"forminator-label\">Ann\u00e9es d\u2019exp\u00e9rience <span class=\"forminator-required\">*<\/span><\/label><select  id=\"forminator-form-2034__field--select-2_69f39f2c85796\" class=\"forminator-select--field forminator-select2 forminator-select2-multiple\" data-required=\"1\" name=\"select-2\" data-default-value=\"\" data-hidden-behavior=\"zero\" data-placeholder=\"Ann\u00e9es d\u2019exp\u00e9rience...\" data-search=\"false\" data-search-placeholder=\"Ann\u00e9es d\u2019exp\u00e9rience...\" data-checkbox=\"false\" data-allow-clear=\"false\" aria-labelledby=\"forminator-form-2034__field--select-2_69f39f2c85796-label\"><option value=\"\"  >Ann\u00e9es d\u2019exp\u00e9rience...<\/option><option value=\"one\"  data-calculation=\"0\">0\u20132 Years<\/option><option value=\"two\"  data-calculation=\"0\">3\u20135 Years<\/option><option value=\"5\u201310-Years\"  data-calculation=\"0\">5\u201310 Years<\/option><option value=\"10+-Years\"  data-calculation=\"0\">10+ Years<\/option><\/select><\/div><\/div><\/div><div class=\"forminator-row\"><div id=\"number-1\" class=\"forminator-field-number forminator-col forminator-col-12 \"><div class=\"forminator-field\"><label for=\"forminator-field-number-1_69f39f2c85796\" id=\"forminator-field-number-1_69f39f2c85796-label\" class=\"forminator-label\">Nombre de membres de l\u2019\u00e9quipe<\/label><input name=\"number-1\" value=\"\" placeholder=\"\" id=\"forminator-field-number-1_69f39f2c85796\" class=\"forminator-input forminator-number--field\" inputmode=\"decimal\" data-required=\"\" data-decimals=\"0\" aria-required=\"false\" data-inputmask=\"&#039;groupSeparator&#039;: &#039;&#039;, &#039;radixPoint&#039;: &#039;&#039;, &#039;digits&#039;: &#039;0&#039;\" data-hidden-behavior=\"zero\" type=\"number\" step=\"any\" min=\"1\" max=\"5\" \/><\/div><\/div><\/div><div class=\"forminator-row\"><div id=\"section-2\" class=\"forminator-field-section forminator-col forminator-col-12 \"><div class=\"forminator-field\"><h2 class=\"forminator-title\">Conformit\u00e9 et v\u00e9rification<\/h2><hr class=\"forminator-border\" style=\"border: 2px solid #fd850b;\" \/><\/div><\/div><\/div><div class=\"forminator-row\"><div id=\"text-3\" class=\"forminator-field-text forminator-col forminator-col-12 \"><div class=\"forminator-field\"><label for=\"forminator-field-text-3_69f39f2c85796\" id=\"forminator-field-text-3_69f39f2c85796-label\" class=\"forminator-label\">Num\u00e9ro d\u2019immatriculation de l\u2019entreprise<\/label><input type=\"text\" name=\"text-3\" value=\"\" placeholder=\"\" id=\"forminator-field-text-3_69f39f2c85796\" class=\"forminator-input forminator-name--field\" data-required=\"\" \/><\/div><\/div><\/div><div class=\"forminator-row\"><div id=\"radio-1\" class=\"forminator-field-radio forminator-col forminator-col-12 \"><div role=\"radiogroup\" class=\"forminator-field\" aria-labelledby=\"forminator-radiogroup-radio-1-69f39f2c85796-label\"><span id=\"forminator-radiogroup-radio-1-69f39f2c85796-label\" class=\"forminator-label\">Avez-vous une couverture d\u2019assurance ?<\/span><label id=\"forminator-field-radio-1-label-1\" for=\"forminator-field-radio-1-1-69f39f2c85796\" class=\"forminator-radio\" title=\"Yes\"><input type=\"radio\" name=\"radio-1\" value=\"one\" id=\"forminator-field-radio-1-1-69f39f2c85796\" aria-labelledby=\"forminator-field-radio-1-label-1\" data-calculation=\"0\"   data-hidden-behavior=\"zero\"\/><span class=\"forminator-radio-bullet\" aria-hidden=\"true\"><\/span><span class=\"forminator-radio-label\">Yes<\/span><\/label><label id=\"forminator-field-radio-1-label-2\" for=\"forminator-field-radio-1-2-69f39f2c85796\" class=\"forminator-radio\" title=\"No\"><input type=\"radio\" name=\"radio-1\" value=\"two\" id=\"forminator-field-radio-1-2-69f39f2c85796\" aria-labelledby=\"forminator-field-radio-1-label-2\" data-calculation=\"0\"   data-hidden-behavior=\"zero\"\/><span class=\"forminator-radio-bullet\" aria-hidden=\"true\"><\/span><span class=\"forminator-radio-label\">No<\/span><\/label><\/div><\/div><\/div><div class=\"forminator-row\"><div id=\"upload-1\" class=\"forminator-field-upload forminator-col forminator-col-12 \"><div class=\"forminator-field\"><label for=\"forminator-field-upload-1_69f39f2c85796\" id=\"forminator-field-upload-1_69f39f2c85796-label\" class=\"forminator-label\">T\u00e9l\u00e9verser une licence \/ un certificat <span class=\"forminator-required\">*<\/span><\/label><div class=\"forminator-file-upload \" data-element=\"upload-1_69f39f2c85796\"><input type=\"file\" name=\"upload-1\" id=\"forminator-field-upload-1_69f39f2c85796\" class=\"forminator-input-file-required do-validate\" accept=\".avif,.heif,.heics,.heifs,.asf,.asx,.wmv,.wmx,.wm,.avi,.divx,.flv,.mov,.qt,.mpeg,.mpg,.mpe,.mp4,.m4v,.ogv,.webm,.mkv,.3gp,.3gpp,.3g2,.3gp2,.txt,.asc,.c,.cc,.h,.srt,.csv,.tsv,.ics,.rtx,.vtt,.mp3,.m4a,.m4b,.aac,.ra,.ram,.wav,.x-wav,.ogg,.oga,.flac,.mid,.midi,.wma,.wax,.mka,.rtf,.class,.tar,.zip,.gz,.gzip,.7z,.xla,.xls,.xlt,.xlw,.xlsx,.xlsm,.xlsb,.xltx,.xltm,.xlam,.pptx,.pptm,.ppsx,.ppsm,.potx,.potm,.ppam,.sldx,.sldm,.ods,.key,.numbers,.doc,.pot,.pps,.ppt,.wri,.mdb,.mpp,.docx,.docm,.dotx,.dotm,.onetoc,.onetoc2,.onetmp,.onepkg,.odt,.odp,.odg,.odc,.odb,.odf,.pages,.wp,.wpd,.pdf,.oxps,.xps,.jpg,.jpeg,.jpe,.png\" tabindex=\"-1\"><button id=\"forminator-field-upload-1_69f39f2c85796_button\" class=\"forminator-button forminator-button-upload\" data-id=\"forminator-field-upload-1_69f39f2c85796\">Choose File<\/button><span data-empty-text=\"No file chosen\">No file chosen<\/span><button class=\"forminator-button-delete\" style=\"display: none;\"><i class=\"forminator-icon-close\" aria-hidden=\"true\"><\/i><span class=\"forminator-screen-reader-only\">Delete uploaded file<\/span><\/button><\/div><\/div><\/div><\/div><div class=\"forminator-row\"><div id=\"section-3\" class=\"forminator-field-section forminator-col forminator-col-12 \"><div class=\"forminator-field\"><h2 class=\"forminator-title\">Disponibilit\u00e9s &amp; Pr\u00e9f\u00e9rences<\/h2><hr class=\"forminator-border\" style=\"border: 2px solid #fd850b;\" \/><\/div><\/div><\/div><div class=\"forminator-row\"><div id=\"select-3\" class=\"forminator-field-select forminator-col forminator-col-12 \"><div class=\"forminator-field\"><label for=\"forminator-form-2034__field--select-3_69f39f2c85796\" id=\"forminator-form-2034__field--select-3_69f39f2c85796-label\" class=\"forminator-label\">D\u00e9finir le rayon<\/label><select  id=\"forminator-form-2034__field--select-3_69f39f2c85796\" class=\"forminator-select--field forminator-select2 forminator-select2-multiple\" data-required=\"\" name=\"select-3\" data-default-value=\"\" data-hidden-behavior=\"zero\" data-placeholder=\"D\u00e9finir le rayon\" data-search=\"false\" data-search-placeholder=\"D\u00e9finir le rayon\" data-checkbox=\"false\" data-allow-clear=\"false\" aria-labelledby=\"forminator-form-2034__field--select-3_69f39f2c85796-label\"><option value=\"\"  >D\u00e9finir le rayon<\/option><option value=\"one\"  data-calculation=\"0\">Up to 10 km<\/option><option value=\"two\"  data-calculation=\"0\">Up to 25 km<\/option><option value=\"Up-to-50-km\"  data-calculation=\"0\">Up to 50 km<\/option><\/select><\/div><\/div><\/div><div class=\"forminator-row\"><div id=\"checkbox-1\" class=\"forminator-field-checkbox forminator-col forminator-col-12 \"><div role=\"group\" class=\"forminator-field\" aria-labelledby=\"forminator-checkbox-group-forminator-field-checkbox-1-69f39f2c85796-label\"><span id=\"forminator-checkbox-group-forminator-field-checkbox-1-69f39f2c85796-label\" class=\"forminator-label\">Types de projets que vous acceptez<\/span><label id=\"forminator-field-checkbox-1-1-69f39f2c85796-label\" for=\"forminator-field-checkbox-1-1-69f39f2c85796\" class=\"forminator-checkbox\" title=\"Petites r\u00e9parations\"><input type=\"checkbox\" name=\"checkbox-1[]\" value=\"one\" id=\"forminator-field-checkbox-1-1-69f39f2c85796\" aria-labelledby=\"forminator-field-checkbox-1-1-69f39f2c85796-label\" data-calculation=\"0\"   data-hidden-behavior=\"zero\"\/><span class=\"forminator-checkbox-box\" aria-hidden=\"true\"><\/span><span class=\"forminator-checkbox-label\">Petites r\u00e9parations<\/span><\/label><label id=\"forminator-field-checkbox-1-2-69f39f2c85796-label\" for=\"forminator-field-checkbox-1-2-69f39f2c85796\" class=\"forminator-checkbox\" title=\"R\u00e9novation compl\u00e8te\"><input type=\"checkbox\" name=\"checkbox-1[]\" value=\"two\" id=\"forminator-field-checkbox-1-2-69f39f2c85796\" aria-labelledby=\"forminator-field-checkbox-1-2-69f39f2c85796-label\" data-calculation=\"0\"   data-hidden-behavior=\"zero\"\/><span class=\"forminator-checkbox-box\" aria-hidden=\"true\"><\/span><span class=\"forminator-checkbox-label\">R\u00e9novation compl\u00e8te<\/span><\/label><label id=\"forminator-field-checkbox-1-3-69f39f2c85796-label\" for=\"forminator-field-checkbox-1-3-69f39f2c85796\" class=\"forminator-checkbox\" title=\"Interventions d\u2019urgence\"><input type=\"checkbox\" name=\"checkbox-1[]\" value=\"Emergency-Jobs\" id=\"forminator-field-checkbox-1-3-69f39f2c85796\" aria-labelledby=\"forminator-field-checkbox-1-3-69f39f2c85796-label\" data-calculation=\"0\"   data-hidden-behavior=\"zero\"\/><span class=\"forminator-checkbox-box\" aria-hidden=\"true\"><\/span><span class=\"forminator-checkbox-label\">Interventions d\u2019urgence<\/span><\/label><\/div><\/div><\/div><div class=\"forminator-row\"><div id=\"checkbox-2\" class=\"forminator-field-checkbox forminator-col forminator-col-12 \"><div role=\"group\" class=\"forminator-field\" aria-labelledby=\"forminator-checkbox-group-forminator-field-checkbox-2-69f39f2c85796-label\"><span id=\"forminator-checkbox-group-forminator-field-checkbox-2-69f39f2c85796-label\" class=\"forminator-label\">Disponibilit\u00e9<\/span><label id=\"forminator-field-checkbox-2-1-69f39f2c85796-label\" for=\"forminator-field-checkbox-2-1-69f39f2c85796\" class=\"forminator-checkbox\" title=\"Jours de semaine\"><input type=\"checkbox\" name=\"checkbox-2[]\" value=\"one\" id=\"forminator-field-checkbox-2-1-69f39f2c85796\" aria-labelledby=\"forminator-field-checkbox-2-1-69f39f2c85796-label\" data-calculation=\"0\"   data-hidden-behavior=\"zero\"\/><span class=\"forminator-checkbox-box\" aria-hidden=\"true\"><\/span><span class=\"forminator-checkbox-label\">Jours de semaine<\/span><\/label><label id=\"forminator-field-checkbox-2-2-69f39f2c85796-label\" for=\"forminator-field-checkbox-2-2-69f39f2c85796\" class=\"forminator-checkbox\" title=\"Les week-ends\"><input type=\"checkbox\" name=\"checkbox-2[]\" value=\"two\" id=\"forminator-field-checkbox-2-2-69f39f2c85796\" aria-labelledby=\"forminator-field-checkbox-2-2-69f39f2c85796-label\" data-calculation=\"0\"   data-hidden-behavior=\"zero\"\/><span class=\"forminator-checkbox-box\" aria-hidden=\"true\"><\/span><span class=\"forminator-checkbox-label\">Les week-ends<\/span><\/label><label id=\"forminator-field-checkbox-2-3-69f39f2c85796-label\" for=\"forminator-field-checkbox-2-3-69f39f2c85796\" class=\"forminator-checkbox\" title=\"Appels d\u2019urgence\"><input type=\"checkbox\" name=\"checkbox-2[]\" value=\"Emergency-Calls\" id=\"forminator-field-checkbox-2-3-69f39f2c85796\" aria-labelledby=\"forminator-field-checkbox-2-3-69f39f2c85796-label\" data-calculation=\"0\"   data-hidden-behavior=\"zero\"\/><span class=\"forminator-checkbox-box\" aria-hidden=\"true\"><\/span><span class=\"forminator-checkbox-label\">Appels d\u2019urgence<\/span><\/label><\/div><\/div><\/div><div class=\"forminator-row\"><div id=\"section-4\" class=\"forminator-field-section forminator-col forminator-col-12 \"><div class=\"forminator-field\"><h2 class=\"forminator-title\">\u00c9tape finale<\/h2><hr class=\"forminator-border\" style=\"border: 2px solid #fd850b;\" \/><\/div><\/div><\/div><div class=\"forminator-row\"><div id=\"textarea-1\" class=\"forminator-field-textarea forminator-col forminator-col-12 \"><div class=\"forminator-field\"><label for=\"forminator-field-textarea-1_69f39f2c85796\" id=\"forminator-field-textarea-1_69f39f2c85796-label\" class=\"forminator-label\">Pourquoi souhaitez-vous rejoindre UberTravaux ?<\/label><textarea name=\"textarea-1\" placeholder=\"\" id=\"forminator-field-textarea-1_69f39f2c85796\" class=\"forminator-textarea\" rows=\"6\" style=\"--forminator-textarea-min-height:140px;\" ><\/textarea><\/div><\/div><\/div><div class=\"forminator-row\"><div id=\"checkbox-3\" class=\"forminator-field-checkbox forminator-col forminator-col-12 \"><div role=\"group\" class=\"forminator-field required\" aria-labelledby=\"forminator-checkbox-group-forminator-field-checkbox-3-69f39f2c85796-label\"><label id=\"forminator-field-checkbox-3-1-69f39f2c85796-label\" for=\"forminator-field-checkbox-3-1-69f39f2c85796\" class=\"forminator-checkbox\" title=\"J\u2019accepte les conditions g\u00e9n\u00e9rales et la politique de confidentialit\u00e9\"><input type=\"checkbox\" name=\"checkbox-3[]\" value=\"one\" id=\"forminator-field-checkbox-3-1-69f39f2c85796\" aria-labelledby=\"forminator-field-checkbox-3-1-69f39f2c85796-label\" data-calculation=\"0\"   data-hidden-behavior=\"zero\"\/><span class=\"forminator-checkbox-box\" aria-hidden=\"true\"><\/span><span class=\"forminator-checkbox-label\">J\u2019accepte les conditions g\u00e9n\u00e9rales et la politique de confidentialit\u00e9<\/span><\/label><\/div><\/div><\/div><input type=\"hidden\" name=\"referer_url\" value=\"\" \/><div class=\"forminator-row forminator-row-last\"><div class=\"forminator-col\"><div class=\"forminator-field\"><button class=\"forminator-button forminator-button-submit\">Postuler en tant que partenaire professionnel<\/button><\/div><\/div><\/div><input type=\"hidden\" id=\"forminator_nonce\" name=\"forminator_nonce\" value=\"ed21f3a027\" \/><input type=\"hidden\" name=\"_wp_http_referer\" value=\"\/ubertravaux\/wp-json\/wp\/v2\/pages\/1494\" \/><input type=\"hidden\" name=\"form_id\" value=\"2034\"><input type=\"hidden\" name=\"page_id\" value=\"1494\"><input type=\"hidden\" name=\"form_type\" value=\"default\"><input type=\"hidden\" name=\"current_url\" value=\"https:\/\/awakeinfotech.info\/ubertravaux\/fr\/rejoignez-en-tant-que-professionnel\/\"><input type=\"hidden\" name=\"render_id\" value=\"0\"><input type=\"hidden\" name=\"action\" value=\"forminator_submit_form_custom-forms\"><\/form><\/div>\n\t\t\t\t\t\t<\/div>\n\t\t\t\t\t<\/div>\n\t\t\t\t<\/div>\n\t\t\t\t<\/div>\n\t\t\t\t<\/div>\n\t\t","protected":false},"excerpt":{"rendered":"<p>Home Rejoindre en tant que professionnel Rejoindre en tant que professionnel Rejoindre en tant que professionnel<\/p>\n","protected":false},"author":1,"featured_media":0,"parent":0,"menu_order":0,"comment_status":"closed","ping_status":"closed","template":"","meta":{"_acf_changed":false,"footnotes":""},"class_list":["post-1494","page","type-page","status-publish","hentry"],"acf":[],"_links":{"self":[{"href":"https:\/\/awakeinfotech.info\/ubertravaux\/wp-json\/wp\/v2\/pages\/1494","targetHints":{"allow":["GET"]}}],"collection":[{"href":"https:\/\/awakeinfotech.info\/ubertravaux\/wp-json\/wp\/v2\/pages"}],"about":[{"href":"https:\/\/awakeinfotech.info\/ubertravaux\/wp-json\/wp\/v2\/types\/page"}],"author":[{"embeddable":true,"href":"https:\/\/awakeinfotech.info\/ubertravaux\/wp-json\/wp\/v2\/users\/1"}],"replies":[{"embeddable":true,"href":"https:\/\/awakeinfotech.info\/ubertravaux\/wp-json\/wp\/v2\/comments?post=1494"}],"version-history":[{"count":4,"href":"https:\/\/awakeinfotech.info\/ubertravaux\/wp-json\/wp\/v2\/pages\/1494\/revisions"}],"predecessor-version":[{"id":2037,"href":"https:\/\/awakeinfotech.info\/ubertravaux\/wp-json\/wp\/v2\/pages\/1494\/revisions\/2037"}],"wp:attachment":[{"href":"https:\/\/awakeinfotech.info\/ubertravaux\/wp-json\/wp\/v2\/media?parent=1494"}],"curies":[{"name":"wp","href":"https:\/\/api.w.org\/{rel}","templated":true}]}}