{"id":646,"date":"2025-12-26T06:40:18","date_gmt":"2025-12-26T06:40:18","guid":{"rendered":"https:\/\/awakeinfotech.info\/advertout\/?page_id=646"},"modified":"2026-03-31T08:52:06","modified_gmt":"2026-03-31T08:52:06","slug":"o-nama","status":"publish","type":"page","link":"https:\/\/awakeinfotech.info\/advertout\/o-nama\/","title":{"rendered":"O NAMA"},"content":{"rendered":"\t\t<div data-elementor-type=\"wp-page\" data-elementor-id=\"646\" class=\"elementor elementor-646\">\n\t\t\t\t<div class=\"elementor-element elementor-element-5f8893e2 e-con-full e-flex e-con e-parent\" data-id=\"5f8893e2\" data-element_type=\"container\" data-e-type=\"container\" data-settings=\"{&quot;background_background&quot;:&quot;classic&quot;}\">\n\t\t<div class=\"elementor-element elementor-element-5a55834 e-flex e-con-boxed e-con e-child\" data-id=\"5a55834\" data-element_type=\"container\" data-e-type=\"container\" data-settings=\"{&quot;background_background&quot;:&quot;classic&quot;}\">\n\t\t\t\t\t<div class=\"e-con-inner\">\n\t\t\t\t<div class=\"elementor-element elementor-element-1a2898dc elementor-icon-list--layout-inline elementor-align-center elementor-tablet-align-center elementor-list-item-link-full_width elementor-widget elementor-widget-icon-list\" data-id=\"1a2898dc\" data-element_type=\"widget\" data-e-type=\"widget\" data-widget_type=\"icon-list.default\">\n\t\t\t\t\t\t\t<ul class=\"elementor-icon-list-items elementor-inline-items\">\n\t\t\t\t\t\t\t<li class=\"elementor-icon-list-item elementor-inline-item\">\n\t\t\t\t\t\t\t\t\t\t\t<a href=\"#\">\n\n\t\t\t\t\t\t\t\t\t\t\t<span class=\"elementor-icon-list-text\">Home<\/span>\n\t\t\t\t\t\t\t\t\t\t\t<\/a>\n\t\t\t\t\t\t\t\t\t<\/li>\n\t\t\t\t\t\t\t\t<li class=\"elementor-icon-list-item elementor-inline-item\">\n\t\t\t\t\t\t\t\t\t\t<span class=\"elementor-icon-list-text\">O NAMA<\/span>\n\t\t\t\t\t\t\t\t\t<\/li>\n\t\t\t\t\t\t<\/ul>\n\t\t\t\t\t\t<\/div>\n\t\t\t\t<div class=\"elementor-element elementor-element-7663f798 elementor-widget elementor-widget-heading\" data-id=\"7663f798\" data-element_type=\"widget\" data-e-type=\"widget\" data-widget_type=\"heading.default\">\n\t\t\t\t\t<h1 class=\"elementor-heading-title elementor-size-default\">O NAMA<\/h1>\t\t\t\t<\/div>\n\t\t\t\t\t<\/div>\n\t\t\t\t<\/div>\n\t\t\t\t<\/div>\n\t\t<div class=\"elementor-element elementor-element-22ed3edd e-flex e-con-boxed e-con e-parent\" data-id=\"22ed3edd\" data-element_type=\"container\" data-e-type=\"container\">\n\t\t\t\t\t<div class=\"e-con-inner\">\n\t\t<div class=\"elementor-element elementor-element-3f3471bc e-con-full e-flex e-con e-child\" data-id=\"3f3471bc\" data-element_type=\"container\" data-e-type=\"container\">\n\t\t\t\t<div class=\"elementor-element elementor-element-22acece9 elementor-widget elementor-widget-image\" data-id=\"22acece9\" data-element_type=\"widget\" data-e-type=\"widget\" data-widget_type=\"image.default\">\n\t\t\t\t\t\t\t\t\t\t\t\t\t\t\t<img fetchpriority=\"high\" decoding=\"async\" width=\"2048\" height=\"2560\" src=\"https:\/\/awakeinfotech.info\/advertout\/wp-content\/uploads\/2025\/12\/ARCH-scaled.jpg\" class=\"attachment-full size-full wp-image-731\" alt=\"\" srcset=\"https:\/\/awakeinfotech.info\/advertout\/wp-content\/uploads\/2025\/12\/ARCH-scaled.jpg 2048w, https:\/\/awakeinfotech.info\/advertout\/wp-content\/uploads\/2025\/12\/ARCH-240x300.jpg 240w, https:\/\/awakeinfotech.info\/advertout\/wp-content\/uploads\/2025\/12\/ARCH-819x1024.jpg 819w, https:\/\/awakeinfotech.info\/advertout\/wp-content\/uploads\/2025\/12\/ARCH-768x960.jpg 768w, https:\/\/awakeinfotech.info\/advertout\/wp-content\/uploads\/2025\/12\/ARCH-1229x1536.jpg 1229w, https:\/\/awakeinfotech.info\/advertout\/wp-content\/uploads\/2025\/12\/ARCH-1638x2048.jpg 1638w\" sizes=\"(max-width: 2048px) 100vw, 2048px\" \/>\t\t\t\t\t\t\t\t\t\t\t\t\t\t\t<\/div>\n\t\t\t\t<\/div>\n\t\t<div class=\"elementor-element elementor-element-7eb8795e e-con-full e-flex e-con e-child\" data-id=\"7eb8795e\" data-element_type=\"container\" data-e-type=\"container\">\n\t\t\t\t<div class=\"elementor-element elementor-element-53d6eebb elementor-widget elementor-widget-heading\" data-id=\"53d6eebb\" data-element_type=\"widget\" data-e-type=\"widget\" data-widget_type=\"heading.default\">\n\t\t\t\t\t<h3 class=\"elementor-heading-title elementor-size-default\">O NAMA<\/h3>\t\t\t\t<\/div>\n\t\t\t\t<div class=\"elementor-element elementor-element-5cc4eb59 elementor-widget elementor-widget-text-editor\" data-id=\"5cc4eb59\" data-element_type=\"widget\" data-e-type=\"widget\" data-widget_type=\"text-editor.default\">\n\t\t\t\t\t\t\t\t\t<p>ADVERTOUT proizvodi predstavljaju spoj duge tradicije, iskustva, visokog kvaliteta i modernog dizajna. Na\u0161i proizvodi su razvijeni na temeljima proizvodnje fabrike SportStar, najve\u0107eg proizvo\u0111a\u010da sportske opreme i gumenih \u010damaca na prostorima biv\u0161e Jugoslavije. Tokom \u010detiri decenije postojanja, SportStar je bio sinonim za najvi\u0161i standard i kvalitet gumenih \u010damaca.<\/p>\t\t\t\t\t\t\t\t<\/div>\n\t\t\t\t<div class=\"elementor-element elementor-element-bb759db elementor-widget elementor-widget-text-editor\" data-id=\"bb759db\" data-element_type=\"widget\" data-e-type=\"widget\" data-widget_type=\"text-editor.default\">\n\t\t\t\t\t\t\t\t\t<p>Osnovu ADVERTOUT filozofije predstavlja istrajan rad na stvaranju novih i modernih modela, kao i detalja svakog proizvoda na naduvavanje. Poseban zna\u010daj i pa\u017enja se posve\u0107uju projektovanju \u010dak i najsitnijih detalja. Kombinovanjem najsavremenijih materijala i ru\u010dne izrade, uz dokazanu tehnologiju, proizvodnja ADVERTOUT reklamnih proizvoda se zasniva na najvi\u0161em kvalitetu izrade, kao garancije za dugotrajan i pouzdan proizvod. Streme\u0107i ka kontinuiranom razvoju ADVERTOUT svoju pa\u017enju usmerava na posebne zahteve klijenata i njihovu potrebu da njihove promocije u\u010dine privla\u010dnijim i zanimljivijim.<\/p>\t\t\t\t\t\t\t\t<\/div>\n\t\t\t\t<\/div>\n\t\t\t\t\t<\/div>\n\t\t\t\t<\/div>\n\t\t<div class=\"elementor-element elementor-element-1899768 e-con-full e-flex e-con e-parent\" data-id=\"1899768\" data-element_type=\"container\" data-e-type=\"container\" id=\"grupacija\">\n\t\t<div class=\"elementor-element elementor-element-870236e e-flex e-con-boxed e-con e-child\" data-id=\"870236e\" data-element_type=\"container\" data-e-type=\"container\">\n\t\t\t\t\t<div class=\"e-con-inner\">\n\t\t\t\t<div class=\"elementor-element elementor-element-d67d805 elementor-widget__width-inherit elementor-widget elementor-widget-heading\" data-id=\"d67d805\" data-element_type=\"widget\" data-e-type=\"widget\" data-widget_type=\"heading.default\">\n\t\t\t\t\t<h3 class=\"elementor-heading-title elementor-size-default\">NA\u0160A GRUPACIJA<\/h3>\t\t\t\t<\/div>\n\t\t\t\t<div class=\"elementor-element elementor-element-f8174cd elementor-widget elementor-widget-text-editor\" data-id=\"f8174cd\" data-element_type=\"widget\" data-e-type=\"widget\" data-widget_type=\"text-editor.default\">\n\t\t\t\t\t\t\t\t\t<p>ADVERTOUT je tokom prethodnih godina izrastao u grupaciju koju \u010dini nekoliko zasebnih programa i brendova sa zajedni\u010dkim ciljem: ponuditi tr\u017ei\u0161tu proizvode sa najboljim odnosom cene i kvaliteta. Grupaciju \u010dine:<\/p>\t\t\t\t\t\t\t\t<\/div>\n\t\t\t\t\t<\/div>\n\t\t\t\t<\/div>\n\t\t\t\t<\/div>\n\t\t<div class=\"elementor-element elementor-element-8ca722f e-flex e-con-boxed e-con e-parent\" data-id=\"8ca722f\" data-element_type=\"container\" data-e-type=\"container\">\n\t\t\t\t\t<div class=\"e-con-inner\">\n\t\t<div class=\"elementor-element elementor-element-826da87 e-flex e-con-boxed e-con e-child\" data-id=\"826da87\" data-element_type=\"container\" data-e-type=\"container\">\n\t\t\t\t\t<div class=\"e-con-inner\">\n\t\t\t\t<div class=\"elementor-element elementor-element-c2c1cc3 ekit-equal-height-enable elementor-widget elementor-widget-elementskit-image-box\" data-id=\"c2c1cc3\" data-element_type=\"widget\" data-e-type=\"widget\" data-widget_type=\"elementskit-image-box.default\">\n\t\t\t\t\t<div class=\"ekit-wid-con\" >\n            <div class=\"elementskit-info-image-box ekit-image-box text-center simple-card\" >\n\n                \n                <div class=\"elementskit-box-header image-box-img-center\">\n\n                    <img decoding=\"async\" width=\"300\" height=\"125\" src=\"https:\/\/awakeinfotech.info\/advertout\/wp-content\/uploads\/2025\/12\/advertout-box.png\" class=\"attachment-full size-full wp-image-694\" alt=\"\" \/>\n                <\/div>\n                \n                <div class=\"elementskit-box-body ekit-image-box-body\">\n                    <div class=\"elementskit-box-content ekit-image-box-body-inner\">\n                                                <h3 class=\"elementskit-info-box-title\">\n\n                        ADVERTOUT\n                        \n                    <\/h3>\n                                                            <div class=\"elementskit-box-style-content\">\n                        mati\u010dni brend, koji se pozicionirao kao regionalni lider u oblasti reklamnih proizvoda na naduvavanje. Po svojim karakteristikama, dizajnu i kvalitetu parira najpoznatijim svetskim proizvo\u0111a\u010dima u ovoj oblasti.  <a href=\"http:\/\/www.advertout.com\/\">www.advertout.com<\/a>                    <\/div>\n                                    <\/div>\n\n                            <\/div>\n            <\/div>\n    <\/div>\t\t\t\t<\/div>\n\t\t\t\t\t<\/div>\n\t\t\t\t<\/div>\n\t\t<div class=\"elementor-element elementor-element-01800ec e-flex e-con-boxed e-con e-child\" data-id=\"01800ec\" data-element_type=\"container\" data-e-type=\"container\">\n\t\t\t\t\t<div class=\"e-con-inner\">\n\t\t\t\t<div class=\"elementor-element elementor-element-7a97b70 ekit-equal-height-enable elementor-widget elementor-widget-elementskit-image-box\" data-id=\"7a97b70\" data-element_type=\"widget\" data-e-type=\"widget\" data-widget_type=\"elementskit-image-box.default\">\n\t\t\t\t\t<div class=\"ekit-wid-con\" >\n            <div class=\"elementskit-info-image-box ekit-image-box text-center simple-card\" >\n\n                \n                <div class=\"elementskit-box-header image-box-img-center\">\n\n                    <img decoding=\"async\" width=\"380\" height=\"125\" src=\"https:\/\/awakeinfotech.info\/advertout\/wp-content\/uploads\/2025\/12\/advance.png\" class=\"attachment-full size-full wp-image-693\" alt=\"\" srcset=\"https:\/\/awakeinfotech.info\/advertout\/wp-content\/uploads\/2025\/12\/advance.png 380w, https:\/\/awakeinfotech.info\/advertout\/wp-content\/uploads\/2025\/12\/advance-300x99.png 300w\" sizes=\"(max-width: 380px) 100vw, 380px\" \/>\n                <\/div>\n                \n                <div class=\"elementskit-box-body ekit-image-box-body\">\n                    <div class=\"elementskit-box-content ekit-image-box-body-inner\">\n                                                <h3 class=\"elementskit-info-box-title\">\n\n                        ADVANCE\n                        \n                    <\/h3>\n                                                            <div class=\"elementskit-box-style-content\">\n                        gumeni i RIB \u010damci, razvijeni na temeljima preko \u010detrdeset godina duge tradicije fabrike SportStar, nekada\u0161njeg sportskog giganta na tlu biv\u0161e Jugoslavije. U ponudi su \u010damci na naduvavanje sa sklopivim drvenim ili aluminijumskim dnom, sportski \u010damci sa tubusima na naduvavanje i dnom od fiberglasa, kao i \u010damci specijalnih namena sa posebnim oja\u010danjima. <a href=\"https:\/\/advanceboat.com\/\" target=\"_blank\">www.advanceboat.com<\/a>                    <\/div>\n                                    <\/div>\n\n                            <\/div>\n            <\/div>\n    <\/div>\t\t\t\t<\/div>\n\t\t\t\t\t<\/div>\n\t\t\t\t<\/div>\n\t\t\t\t\t<\/div>\n\t\t\t\t<\/div>\n\t\t<div class=\"elementor-element elementor-element-06a3b4d e-flex e-con-boxed e-con e-parent\" data-id=\"06a3b4d\" data-element_type=\"container\" data-e-type=\"container\">\n\t\t\t\t\t<div class=\"e-con-inner\">\n\t\t<div class=\"elementor-element elementor-element-07e4914 e-con-full e-flex e-con e-child\" data-id=\"07e4914\" data-element_type=\"container\" data-e-type=\"container\">\n\t\t\t\t<div class=\"elementor-element elementor-element-a6b418d ekit-equal-height-enable elementor-widget elementor-widget-elementskit-image-box\" data-id=\"a6b418d\" data-element_type=\"widget\" data-e-type=\"widget\" data-widget_type=\"elementskit-image-box.default\">\n\t\t\t\t\t<div class=\"ekit-wid-con\" >\n            <div class=\"elementskit-info-image-box ekit-image-box text-center simple-card\" >\n\n                \n                <div class=\"elementskit-box-header image-box-img-center\">\n\n                    <img loading=\"lazy\" decoding=\"async\" width=\"380\" height=\"125\" src=\"https:\/\/awakeinfotech.info\/advertout\/wp-content\/uploads\/2025\/12\/advertski.png\" class=\"attachment-full size-full wp-image-691\" alt=\"\" srcset=\"https:\/\/awakeinfotech.info\/advertout\/wp-content\/uploads\/2025\/12\/advertski.png 380w, https:\/\/awakeinfotech.info\/advertout\/wp-content\/uploads\/2025\/12\/advertski-300x99.png 300w\" sizes=\"(max-width: 380px) 100vw, 380px\" \/>\n                <\/div>\n                \n                <div class=\"elementskit-box-body ekit-image-box-body\">\n                    <div class=\"elementskit-box-content ekit-image-box-body-inner\">\n                                                <h3 class=\"elementskit-info-box-title\">\n\n                        ADVERTSKI\n                        \n                    <\/h3>\n                                                            <div class=\"elementskit-box-style-content\">\n                        proizvodi vrhunskog kvaliteta za signalizaciju, za\u0161titu i bezbednost na skijali\u0161tima. Deo proizvodnog programa ovog brenda \u010dine: za\u0161titne ski mre\u017ee, polikarbonatski stubovi i \u0161tapovi, za\u0161titne obloge stubova, starteri i fini\u0161eri, znakovi, signalizacija, tende, d\u017eamperi, baneri, zastavice za takmi\u010denja, i dr. <a href=\"https:\/\/advertski.com\/\" target=\"_blank\">www.advertski.com<\/a>                    <\/div>\n                                    <\/div>\n\n                            <\/div>\n            <\/div>\n    <\/div>\t\t\t\t<\/div>\n\t\t\t\t<\/div>\n\t\t<div class=\"elementor-element elementor-element-691fb2b e-flex e-con-boxed e-con e-child\" data-id=\"691fb2b\" data-element_type=\"container\" data-e-type=\"container\">\n\t\t\t\t\t<div class=\"e-con-inner\">\n\t\t\t\t<div class=\"elementor-element elementor-element-ccb550f ekit-equal-height-enable elementor-widget elementor-widget-elementskit-image-box\" data-id=\"ccb550f\" data-element_type=\"widget\" data-e-type=\"widget\" data-widget_type=\"elementskit-image-box.default\">\n\t\t\t\t\t<div class=\"ekit-wid-con\" >\n            <div class=\"elementskit-info-image-box ekit-image-box text-center simple-card\" >\n\n                \n                <div class=\"elementskit-box-header image-box-img-center\">\n\n                    <img loading=\"lazy\" decoding=\"async\" width=\"380\" height=\"125\" src=\"https:\/\/awakeinfotech.info\/advertout\/wp-content\/uploads\/2025\/12\/airtech.png\" class=\"attachment-full size-full wp-image-692\" alt=\"\" srcset=\"https:\/\/awakeinfotech.info\/advertout\/wp-content\/uploads\/2025\/12\/airtech.png 380w, https:\/\/awakeinfotech.info\/advertout\/wp-content\/uploads\/2025\/12\/airtech-300x99.png 300w\" sizes=\"(max-width: 380px) 100vw, 380px\" \/>\n                <\/div>\n                \n                <div class=\"elementskit-box-body ekit-image-box-body\">\n                    <div class=\"elementskit-box-content ekit-image-box-body-inner\">\n                                                <h3 class=\"elementskit-info-box-title\">\n\n                        AIRTECH SYSTEMS\n                        \n                    <\/h3>\n                                                            <div class=\"elementskit-box-style-content\">\n                        proizvodi specijalnih namena koji svojom namenom mogu pomo\u0107i u razli\u010ditim vanrednim situacijama. Konstruisani su za potrebe vojske, policije, vatrogasnih brigada, medicinskih, spasila\u010dkih slu\u017ebi, ali i firmi specifi\u010dnih delatnosti. U ove proizvode spadaju: \u0161atori i hangari na naduvavanje, dekon sistemi, vazdu\u0161ni jastuci, brane za za\u0161titu od vode i za za\u0161titu od izlivanja naftnih derivata, tankovi za vodu i gorivo, splavovi za spa\u0161avanje, i dr. <a href=\"https:\/\/airtechsystems.rs\/\" target=\"_blank\">www.airtechsystems.rs<\/a>                    <\/div>\n                                    <\/div>\n\n                            <\/div>\n            <\/div>\n    <\/div>\t\t\t\t<\/div>\n\t\t\t\t\t<\/div>\n\t\t\t\t<\/div>\n\t\t\t\t\t<\/div>\n\t\t\t\t<\/div>\n\t\t<div class=\"elementor-element elementor-element-ca2c90f e-flex e-con-boxed e-con e-parent\" data-id=\"ca2c90f\" data-element_type=\"container\" data-e-type=\"container\" id=\"sertifikati\" data-settings=\"{&quot;background_background&quot;:&quot;classic&quot;}\">\n\t\t\t\t\t<div class=\"e-con-inner\">\n\t\t<div class=\"elementor-element elementor-element-aa8aa6c e-con-full e-flex e-con e-child\" data-id=\"aa8aa6c\" data-element_type=\"container\" data-e-type=\"container\">\n\t\t\t\t<div class=\"elementor-element elementor-element-350e0309 elementor-widget__width-inherit elementor-widget elementor-widget-heading\" data-id=\"350e0309\" data-element_type=\"widget\" data-e-type=\"widget\" data-widget_type=\"heading.default\">\n\t\t\t\t\t<h2 class=\"elementor-heading-title elementor-size-default\">SERTIFIKATI<\/h2>\t\t\t\t<\/div>\n\t\t\t\t<div class=\"elementor-element elementor-element-696d11a elementor-widget elementor-widget-text-editor\" data-id=\"696d11a\" data-element_type=\"widget\" data-e-type=\"widget\" data-widget_type=\"text-editor.default\">\n\t\t\t\t\t\t\t\t\t<p>Svoju politiku kvaliteta zasnivamo na po\u0161tovanju osnovnih na\u010dela:<\/p>\t\t\t\t\t\t\t\t<\/div>\n\t\t\t\t<div class=\"elementor-element elementor-element-03563b2 elementor-icon-list--layout-traditional elementor-list-item-link-full_width elementor-widget elementor-widget-icon-list\" data-id=\"03563b2\" data-element_type=\"widget\" data-e-type=\"widget\" data-widget_type=\"icon-list.default\">\n\t\t\t\t\t\t\t<ul class=\"elementor-icon-list-items\">\n\t\t\t\t\t\t\t<li class=\"elementor-icon-list-item\">\n\t\t\t\t\t\t\t\t\t\t\t<span class=\"elementor-icon-list-icon\">\n\t\t\t\t\t\t\t<svg aria-hidden=\"true\" class=\"e-font-icon-svg e-far-dot-circle\" viewBox=\"0 0 512 512\" xmlns=\"http:\/\/www.w3.org\/2000\/svg\"><path d=\"M256 56c110.532 0 200 89.451 200 200 0 110.532-89.451 200-200 200-110.532 0-200-89.451-200-200 0-110.532 89.451-200 200-200m0-48C119.033 8 8 119.033 8 256s111.033 248 248 248 248-111.033 248-248S392.967 8 256 8zm0 168c-44.183 0-80 35.817-80 80s35.817 80 80 80 80-35.817 80-80-35.817-80-80-80z\"><\/path><\/svg>\t\t\t\t\t\t<\/span>\n\t\t\t\t\t\t\t\t\t\t<span class=\"elementor-icon-list-text\">Na\u0161i proizvodi su projektovani kako bi ispunili sve zahteve kupaca i kako bi doprineli sveukupnom zadovoljstvu krajnjih korisnika, tokom celokupnog \u017eivotnog veka proizvoda<\/span>\n\t\t\t\t\t\t\t\t\t<\/li>\n\t\t\t\t\t\t\t\t<li class=\"elementor-icon-list-item\">\n\t\t\t\t\t\t\t\t\t\t\t<span class=\"elementor-icon-list-icon\">\n\t\t\t\t\t\t\t<svg aria-hidden=\"true\" class=\"e-font-icon-svg e-far-dot-circle\" viewBox=\"0 0 512 512\" xmlns=\"http:\/\/www.w3.org\/2000\/svg\"><path d=\"M256 56c110.532 0 200 89.451 200 200 0 110.532-89.451 200-200 200-110.532 0-200-89.451-200-200 0-110.532 89.451-200 200-200m0-48C119.033 8 8 119.033 8 256s111.033 248 248 248 248-111.033 248-248S392.967 8 256 8zm0 168c-44.183 0-80 35.817-80 80s35.817 80 80 80 80-35.817 80-80-35.817-80-80-80z\"><\/path><\/svg>\t\t\t\t\t\t<\/span>\n\t\t\t\t\t\t\t\t\t\t<span class=\"elementor-icon-list-text\">Na\u0161i proizvodi ispunjavaju najvi\u0161e standarde, uz izuzetan odnos cene i kvaliteta<\/span>\n\t\t\t\t\t\t\t\t\t<\/li>\n\t\t\t\t\t\t\t\t<li class=\"elementor-icon-list-item\">\n\t\t\t\t\t\t\t\t\t\t\t<span class=\"elementor-icon-list-icon\">\n\t\t\t\t\t\t\t<svg aria-hidden=\"true\" class=\"e-font-icon-svg e-far-dot-circle\" viewBox=\"0 0 512 512\" xmlns=\"http:\/\/www.w3.org\/2000\/svg\"><path d=\"M256 56c110.532 0 200 89.451 200 200 0 110.532-89.451 200-200 200-110.532 0-200-89.451-200-200 0-110.532 89.451-200 200-200m0-48C119.033 8 8 119.033 8 256s111.033 248 248 248 248-111.033 248-248S392.967 8 256 8zm0 168c-44.183 0-80 35.817-80 80s35.817 80 80 80 80-35.817 80-80-35.817-80-80-80z\"><\/path><\/svg>\t\t\t\t\t\t<\/span>\n\t\t\t\t\t\t\t\t\t\t<span class=\"elementor-icon-list-text\">Sa svim na\u0161im kupcima i saradnicima gradimo dugoro\u010dne partnerske veze, zasnovane na poverenju<\/span>\n\t\t\t\t\t\t\t\t\t<\/li>\n\t\t\t\t\t\t\t\t<li class=\"elementor-icon-list-item\">\n\t\t\t\t\t\t\t\t\t\t\t<span class=\"elementor-icon-list-icon\">\n\t\t\t\t\t\t\t<svg aria-hidden=\"true\" class=\"e-font-icon-svg e-far-dot-circle\" viewBox=\"0 0 512 512\" xmlns=\"http:\/\/www.w3.org\/2000\/svg\"><path d=\"M256 56c110.532 0 200 89.451 200 200 0 110.532-89.451 200-200 200-110.532 0-200-89.451-200-200 0-110.532 89.451-200 200-200m0-48C119.033 8 8 119.033 8 256s111.033 248 248 248 248-111.033 248-248S392.967 8 256 8zm0 168c-44.183 0-80 35.817-80 80s35.817 80 80 80 80-35.817 80-80-35.817-80-80-80z\"><\/path><\/svg>\t\t\t\t\t\t<\/span>\n\t\t\t\t\t\t\t\t\t\t<span class=\"elementor-icon-list-text\">Na\u0161e poslovanje zasnivamo na principu neprestanog razvoja, kroz kontinualno unapre\u0111enje kvaliteta proizvoda i usluga<\/span>\n\t\t\t\t\t\t\t\t\t<\/li>\n\t\t\t\t\t\t\t\t<li class=\"elementor-icon-list-item\">\n\t\t\t\t\t\t\t\t\t\t\t<span class=\"elementor-icon-list-icon\">\n\t\t\t\t\t\t\t<svg aria-hidden=\"true\" class=\"e-font-icon-svg e-far-dot-circle\" viewBox=\"0 0 512 512\" xmlns=\"http:\/\/www.w3.org\/2000\/svg\"><path d=\"M256 56c110.532 0 200 89.451 200 200 0 110.532-89.451 200-200 200-110.532 0-200-89.451-200-200 0-110.532 89.451-200 200-200m0-48C119.033 8 8 119.033 8 256s111.033 248 248 248 248-111.033 248-248S392.967 8 256 8zm0 168c-44.183 0-80 35.817-80 80s35.817 80 80 80 80-35.817 80-80-35.817-80-80-80z\"><\/path><\/svg>\t\t\t\t\t\t<\/span>\n\t\t\t\t\t\t\t\t\t\t<span class=\"elementor-icon-list-text\">Svi na\u0161i zaposleni su uklju\u010deni u sistem menad\u017ementa kvalitetom i svojom stru\u010dno\u0161\u0107u i kompetentno\u0161\u0107u doprinose njegovom odr\u017eavanju i unapre\u0111enju<\/span>\n\t\t\t\t\t\t\t\t\t<\/li>\n\t\t\t\t\t\t<\/ul>\n\t\t\t\t\t\t<\/div>\n\t\t\t\t<\/div>\n\t\t<div class=\"elementor-element elementor-element-757ed4b e-con-full e-flex e-con e-child\" data-id=\"757ed4b\" data-element_type=\"container\" data-e-type=\"container\">\n\t\t\t\t<div class=\"elementor-element elementor-element-628e317 elementor-widget elementor-widget-image\" data-id=\"628e317\" data-element_type=\"widget\" data-e-type=\"widget\" data-widget_type=\"image.default\">\n\t\t\t\t\t\t\t\t\t\t\t\t\t\t\t\t<a href=\"https:\/\/awakeinfotech.info\/advertout\/wp-content\/uploads\/2025\/12\/Certificate.jpg\" data-elementor-open-lightbox=\"yes\" data-elementor-lightbox-title=\"Certificate\" data-e-action-hash=\"#elementor-action%3Aaction%3Dlightbox%26settings%3DeyJpZCI6NzIxLCJ1cmwiOiJodHRwczpcL1wvYXdha2VpbmZvdGVjaC5pbmZvXC9hZHZlcnRvdXRcL3dwLWNvbnRlbnRcL3VwbG9hZHNcLzIwMjVcLzEyXC9DZXJ0aWZpY2F0ZS5qcGcifQ%3D%3D\">\n\t\t\t\t\t\t\t<img loading=\"lazy\" decoding=\"async\" width=\"160\" height=\"225\" src=\"https:\/\/awakeinfotech.info\/advertout\/wp-content\/uploads\/2025\/12\/Certificate.jpg\" class=\"attachment-full size-full wp-image-721\" alt=\"\" \/>\t\t\t\t\t\t\t\t<\/a>\n\t\t\t\t\t\t\t\t\t\t\t\t\t\t\t<\/div>\n\t\t\t\t<div class=\"elementor-element elementor-element-8119cc6 elementor-widget elementor-widget-image\" data-id=\"8119cc6\" data-element_type=\"widget\" data-e-type=\"widget\" data-widget_type=\"image.default\">\n\t\t\t\t\t\t\t\t\t\t\t\t\t\t\t\t<a href=\"https:\/\/awakeinfotech.info\/advertout\/wp-content\/uploads\/2025\/12\/ISO-9001-sertifikat.jpg\" data-elementor-open-lightbox=\"yes\" data-elementor-lightbox-title=\"ISO-9001-sertifikat\" data-e-action-hash=\"#elementor-action%3Aaction%3Dlightbox%26settings%3DeyJpZCI6NzIwLCJ1cmwiOiJodHRwczpcL1wvYXdha2VpbmZvdGVjaC5pbmZvXC9hZHZlcnRvdXRcL3dwLWNvbnRlbnRcL3VwbG9hZHNcLzIwMjVcLzEyXC9JU08tOTAwMS1zZXJ0aWZpa2F0LmpwZyJ9\">\n\t\t\t\t\t\t\t<img loading=\"lazy\" decoding=\"async\" width=\"160\" height=\"225\" src=\"https:\/\/awakeinfotech.info\/advertout\/wp-content\/uploads\/2025\/12\/ISO-9001-sertifikat.jpg\" class=\"attachment-full size-full wp-image-720\" alt=\"\" \/>\t\t\t\t\t\t\t\t<\/a>\n\t\t\t\t\t\t\t\t\t\t\t\t\t\t\t<\/div>\n\t\t\t\t<\/div>\n\t\t\t\t\t<\/div>\n\t\t\t\t<\/div>\n\t\t\t\t<\/div>\n\t\t","protected":false},"excerpt":{"rendered":"<p>Home O NAMA O NAMA O NAMA ADVERTOUT proizvodi predstavljaju spoj duge tradicije, iskustva, visokog kvaliteta i modernog dizajna. Na\u0161i proizvodi su razvijeni na temeljima proizvodnje fabrike SportStar, najve\u0107eg proizvo\u0111a\u010da sportske opreme i gumenih \u010damaca na prostorima biv\u0161e Jugoslavije. Tokom \u010detiri decenije postojanja, SportStar je bio sinonim za najvi\u0161i standard i kvalitet gumenih \u010damaca. Osnovu [&hellip;]<\/p>\n","protected":false},"author":1,"featured_media":0,"parent":0,"menu_order":0,"comment_status":"closed","ping_status":"closed","template":"","meta":{"footnotes":""},"class_list":["post-646","page","type-page","status-publish","hentry"],"_links":{"self":[{"href":"https:\/\/awakeinfotech.info\/advertout\/wp-json\/wp\/v2\/pages\/646","targetHints":{"allow":["GET"]}}],"collection":[{"href":"https:\/\/awakeinfotech.info\/advertout\/wp-json\/wp\/v2\/pages"}],"about":[{"href":"https:\/\/awakeinfotech.info\/advertout\/wp-json\/wp\/v2\/types\/page"}],"author":[{"embeddable":true,"href":"https:\/\/awakeinfotech.info\/advertout\/wp-json\/wp\/v2\/users\/1"}],"replies":[{"embeddable":true,"href":"https:\/\/awakeinfotech.info\/advertout\/wp-json\/wp\/v2\/comments?post=646"}],"version-history":[{"count":71,"href":"https:\/\/awakeinfotech.info\/advertout\/wp-json\/wp\/v2\/pages\/646\/revisions"}],"predecessor-version":[{"id":3239,"href":"https:\/\/awakeinfotech.info\/advertout\/wp-json\/wp\/v2\/pages\/646\/revisions\/3239"}],"wp:attachment":[{"href":"https:\/\/awakeinfotech.info\/advertout\/wp-json\/wp\/v2\/media?parent=646"}],"curies":[{"name":"wp","href":"https:\/\/api.w.org\/{rel}","templated":true}]}}